{"id":1281,"date":"2023-09-12T07:12:01","date_gmt":"2023-09-12T12:12:01","guid":{"rendered":"https:\/\/ubuconla.org\/2026\/?page_id=1281"},"modified":"2023-09-12T07:16:25","modified_gmt":"2023-09-12T12:16:25","slug":"habeas-data","status":"publish","type":"page","link":"https:\/\/ubuconla.org\/2026\/habeas-data\/","title":{"rendered":"AVISO DE HABEAS DATA PARA INSCRIPCI\u00d3N EN UbuConLA 2023"},"content":{"rendered":"\t\t<div data-elementor-type=\"wp-page\" data-elementor-id=\"1281\" class=\"elementor elementor-1281\">\n\t\t\t\t\t\t<section class=\"elementor-section elementor-top-section elementor-element elementor-element-9e82267 elementor-section-boxed elementor-section-height-default elementor-section-height-default\" data-id=\"9e82267\" data-element_type=\"section\" data-e-type=\"section\">\n\t\t\t\t\t\t<div class=\"elementor-container elementor-column-gap-default\">\n\t\t\t\t\t<div class=\"elementor-column elementor-col-100 elementor-top-column elementor-element elementor-element-1df5c9ed\" data-id=\"1df5c9ed\" data-element_type=\"column\" data-e-type=\"column\">\n\t\t\t<div class=\"elementor-widget-wrap elementor-element-populated\">\n\t\t\t\t\t\t<div class=\"elementor-element elementor-element-4676c20 elementor-widget elementor-widget-heading\" data-id=\"4676c20\" data-element_type=\"widget\" data-e-type=\"widget\" data-widget_type=\"heading.default\">\n\t\t\t\t<div class=\"elementor-widget-container\">\n\t\t\t\t\t<h2 class=\"elementor-heading-title elementor-size-default\">AVISO DE HABEAS DATA PARA INSCRIPCI\u00d3N EN UbuConLA 2023<\/h2>\t\t\t\t<\/div>\n\t\t\t\t<\/div>\n\t\t\t\t\t<\/div>\n\t\t<\/div>\n\t\t\t\t\t<\/div>\n\t\t<\/section>\n\t\t\t\t<section class=\"elementor-section elementor-top-section elementor-element elementor-element-ef0119c elementor-section-boxed elementor-section-height-default elementor-section-height-default\" data-id=\"ef0119c\" data-element_type=\"section\" data-e-type=\"section\">\n\t\t\t\t\t\t<div class=\"elementor-container elementor-column-gap-default\">\n\t\t\t\t\t<div class=\"elementor-column elementor-col-100 elementor-top-column elementor-element elementor-element-6d92e21\" data-id=\"6d92e21\" data-element_type=\"column\" data-e-type=\"column\">\n\t\t\t<div class=\"elementor-widget-wrap elementor-element-populated\">\n\t\t\t\t\t\t<div class=\"elementor-element elementor-element-6894cd7 elementor-widget elementor-widget-text-editor\" data-id=\"6894cd7\" data-element_type=\"widget\" data-e-type=\"widget\" data-widget_type=\"text-editor.default\">\n\t\t\t\t<div class=\"elementor-widget-container\">\n\t\t\t\t\t\t\t\t\t<p>Estimado\/a Participante,<\/p>\n<p>Nos complace que demuestres inter\u00e9s en unirte a nosotros en la UbuConLA 2023, la conferencia de la comunidad de usuarios de Ubuntu. Tu inter\u00e9s y participaci\u00f3n son fundamentales para el \u00e9xito de nuestro evento. A continuaci\u00f3n, te proporcionamos informaci\u00f3n importante sobre c\u00f3mo manejaremos tus datos personales en cumplimiento de las normativas de protecci\u00f3n de datos personales, de conformidad con las leyes aplicables.<\/p>\n<p>1. Responsable del Tratamiento de Datos<\/p>\n<p>La entidad responsable del tratamiento de tus datos personales es el equipo organizador de la UbuConLA 2023.<\/p>\n<p>2. Datos Personales Recopilados<\/p>\n<p>Para completar tu inscripci\u00f3n en UbuConLA, requerimos la recopilaci\u00f3n de la siguiente informaci\u00f3n personal:<\/p>\n<p>Nombre completo.<br \/>Direcci\u00f3n de correo electr\u00f3nico.<br \/>N\u00famero de tel\u00e9fono de contacto.<br \/>Informaci\u00f3n adicional que puedas proporcionar voluntariamente.<\/p>\n<p>3. Finalidad del Tratamiento<\/p>\n<p>Los datos personales recopilados se utilizar\u00e1n exclusivamente para los siguientes fines:<\/p>\n<p>Gestionar tu registro y participaci\u00f3n en UbuConLA.<br \/>Comunicarte informaci\u00f3n relevante sobre el evento, como cambios en la programaci\u00f3n, anuncios y actualizaciones.<br \/>Facilitar la interacci\u00f3n con otros participantes a trav\u00e9s de plataformas y actividades del evento.<br \/>Realizar encuestas o evaluaciones relacionadas con la conferencia para mejorar futuras ediciones.<\/p>\n<p>4. Consentimiento y Derechos del Titular de los Datos<\/p>\n<p>Al proporcionar tus datos personales e inscribirte en UbuConLA, est\u00e1s otorgando tu consentimiento para el tratamiento de estos datos con los fines mencionados anteriormente. Tienes derecho a:<\/p>\n<p>Acceder a tus datos personales y conocer c\u00f3mo se est\u00e1n utilizando.<br \/>Rectificar cualquier dato incorrecto o desactualizado.<br \/>Eliminar tus datos personales de nuestra base de datos cuando ya no sean necesarios para los fines establecidos.<br \/>Revocar tu consentimiento en cualquier momento.<\/p>\n<p>Para ejercer estos derechos o realizar preguntas relacionadas con el tratamiento de tus datos personales, puedes contactarnos a trav\u00e9s de [Correo Electr\u00f3nico de Contacto] o [N\u00famero de Tel\u00e9fono de Contacto].<\/p>\n<p>5. Seguridad de Datos<\/p>\n<p>Tomamos medidas de seguridad adecuadas para proteger tus datos personales contra el acceso no autorizado, la p\u00e9rdida, el uso indebido o la alteraci\u00f3n. Solo el personal autorizado tiene acceso a estos datos.<\/p>\n<p>Al inscribirte en UbuConLA, aceptas y comprendes los t\u00e9rminos de este aviso de habeas data y das tu consentimiento para el tratamiento de tus datos personales de acuerdo con los fines establecidos.<\/p>\n<p>Gracias por tu participaci\u00f3n en UbuConLA y por confiar en nosotros con tus datos personales. Esperamos que disfrutes de la conferencia y te brindaremos todo el apoyo necesario para garantizar que tu experiencia sea enriquecedora y segura.<\/p>\n<p>Atentamente,<\/p>\n<p>Equipo Organizador UbuConLA 2023<\/p>\t\t\t\t\t\t\t\t<\/div>\n\t\t\t\t<\/div>\n\t\t\t\t\t<\/div>\n\t\t<\/div>\n\t\t\t\t\t<\/div>\n\t\t<\/section>\n\t\t\t\t<\/div>\n\t\t","protected":false},"excerpt":{"rendered":"<p>AVISO DE HABEAS DATA PARA INSCRIPCI\u00d3N EN UbuConLA 2023 Estimado\/a Participante, Nos complace que demuestres inter\u00e9s en unirte a nosotros en la UbuConLA 2023, la conferencia de la comunidad de usuarios de Ubuntu. Tu inter\u00e9s y participaci\u00f3n son fundamentales para el \u00e9xito de nuestro evento. A continuaci\u00f3n, te proporcionamos informaci\u00f3n importante sobre c\u00f3mo manejaremos tus [&hellip;]<\/p>\n","protected":false},"author":1,"featured_media":0,"parent":0,"menu_order":0,"comment_status":"closed","ping_status":"closed","template":"elementor_header_footer","meta":{"footnotes":""},"class_list":["post-1281","page","type-page","status-publish","hentry"],"yoast_head":"<!-- This site is optimized with the Yoast SEO plugin v27.4 - https:\/\/yoast.com\/product\/yoast-seo-wordpress\/ -->\n<title>AVISO DE HABEAS DATA PARA INSCRIPCI\u00d3N EN UbuConLA 2023 - Ubucon Latinoam\u00e9tica 2026<\/title>\n<meta name=\"robots\" content=\"index, follow, max-snippet:-1, max-image-preview:large, max-video-preview:-1\" \/>\n<link rel=\"canonical\" href=\"https:\/\/ubuconla.org\/2026\/habeas-data\/\" \/>\n<meta property=\"og:locale\" content=\"es_ES\" \/>\n<meta property=\"og:type\" content=\"article\" \/>\n<meta property=\"og:title\" content=\"AVISO DE HABEAS DATA PARA INSCRIPCI\u00d3N EN UbuConLA 2023 - Ubucon Latinoam\u00e9tica 2026\" \/>\n<meta property=\"og:description\" content=\"AVISO DE HABEAS DATA PARA INSCRIPCI\u00d3N EN UbuConLA 2023 Estimado\/a Participante, Nos complace que demuestres inter\u00e9s en unirte a nosotros en la UbuConLA 2023, la conferencia de la comunidad de usuarios de Ubuntu. Tu inter\u00e9s y participaci\u00f3n son fundamentales para el \u00e9xito de nuestro evento. A continuaci\u00f3n, te proporcionamos informaci\u00f3n importante sobre c\u00f3mo manejaremos tus [&hellip;]\" \/>\n<meta property=\"og:url\" content=\"https:\/\/ubuconla.org\/2026\/habeas-data\/\" \/>\n<meta property=\"og:site_name\" content=\"Ubucon Latinoam\u00e9tica 2026\" \/>\n<meta property=\"article:modified_time\" content=\"2023-09-12T12:16:25+00:00\" \/>\n<meta name=\"twitter:card\" content=\"summary_large_image\" \/>\n<meta name=\"twitter:label1\" content=\"Tiempo de lectura\" \/>\n\t<meta name=\"twitter:data1\" content=\"2 minutos\" \/>\n<script type=\"application\/ld+json\" class=\"yoast-schema-graph\">{\"@context\":\"https:\\\/\\\/schema.org\",\"@graph\":[{\"@type\":\"WebPage\",\"@id\":\"https:\\\/\\\/ubuconla.org\\\/2026\\\/habeas-data\\\/\",\"url\":\"https:\\\/\\\/ubuconla.org\\\/2026\\\/habeas-data\\\/\",\"name\":\"AVISO DE HABEAS DATA PARA INSCRIPCI\u00d3N EN UbuConLA 2023 - Ubucon Latinoam\u00e9tica 2026\",\"isPartOf\":{\"@id\":\"https:\\\/\\\/ubuconla.org\\\/2026\\\/#website\"},\"datePublished\":\"2023-09-12T12:12:01+00:00\",\"dateModified\":\"2023-09-12T12:16:25+00:00\",\"breadcrumb\":{\"@id\":\"https:\\\/\\\/ubuconla.org\\\/2026\\\/habeas-data\\\/#breadcrumb\"},\"inLanguage\":\"es-CO\",\"potentialAction\":[{\"@type\":\"ReadAction\",\"target\":[\"https:\\\/\\\/ubuconla.org\\\/2026\\\/habeas-data\\\/\"]}]},{\"@type\":\"BreadcrumbList\",\"@id\":\"https:\\\/\\\/ubuconla.org\\\/2026\\\/habeas-data\\\/#breadcrumb\",\"itemListElement\":[{\"@type\":\"ListItem\",\"position\":1,\"name\":\"Inicio\",\"item\":\"https:\\\/\\\/ubuconla.org\\\/2026\\\/\"},{\"@type\":\"ListItem\",\"position\":2,\"name\":\"AVISO DE HABEAS DATA PARA INSCRIPCI\u00d3N EN UbuConLA 2023\"}]},{\"@type\":\"WebSite\",\"@id\":\"https:\\\/\\\/ubuconla.org\\\/2026\\\/#website\",\"url\":\"https:\\\/\\\/ubuconla.org\\\/2026\\\/\",\"name\":\"Ubucon Latinoam\u00e9tica 2026\",\"description\":\"\",\"potentialAction\":[{\"@type\":\"SearchAction\",\"target\":{\"@type\":\"EntryPoint\",\"urlTemplate\":\"https:\\\/\\\/ubuconla.org\\\/2026\\\/?s={search_term_string}\"},\"query-input\":{\"@type\":\"PropertyValueSpecification\",\"valueRequired\":true,\"valueName\":\"search_term_string\"}}],\"inLanguage\":\"es-CO\"}]}<\/script>\n<!-- \/ Yoast SEO plugin. -->","yoast_head_json":{"title":"AVISO DE HABEAS DATA PARA INSCRIPCI\u00d3N EN UbuConLA 2023 - Ubucon Latinoam\u00e9tica 2026","robots":{"index":"index","follow":"follow","max-snippet":"max-snippet:-1","max-image-preview":"max-image-preview:large","max-video-preview":"max-video-preview:-1"},"canonical":"https:\/\/ubuconla.org\/2026\/habeas-data\/","og_locale":"es_ES","og_type":"article","og_title":"AVISO DE HABEAS DATA PARA INSCRIPCI\u00d3N EN UbuConLA 2023 - Ubucon Latinoam\u00e9tica 2026","og_description":"AVISO DE HABEAS DATA PARA INSCRIPCI\u00d3N EN UbuConLA 2023 Estimado\/a Participante, Nos complace que demuestres inter\u00e9s en unirte a nosotros en la UbuConLA 2023, la conferencia de la comunidad de usuarios de Ubuntu. Tu inter\u00e9s y participaci\u00f3n son fundamentales para el \u00e9xito de nuestro evento. A continuaci\u00f3n, te proporcionamos informaci\u00f3n importante sobre c\u00f3mo manejaremos tus [&hellip;]","og_url":"https:\/\/ubuconla.org\/2026\/habeas-data\/","og_site_name":"Ubucon Latinoam\u00e9tica 2026","article_modified_time":"2023-09-12T12:16:25+00:00","twitter_card":"summary_large_image","twitter_misc":{"Tiempo de lectura":"2 minutos"},"schema":{"@context":"https:\/\/schema.org","@graph":[{"@type":"WebPage","@id":"https:\/\/ubuconla.org\/2026\/habeas-data\/","url":"https:\/\/ubuconla.org\/2026\/habeas-data\/","name":"AVISO DE HABEAS DATA PARA INSCRIPCI\u00d3N EN UbuConLA 2023 - Ubucon Latinoam\u00e9tica 2026","isPartOf":{"@id":"https:\/\/ubuconla.org\/2026\/#website"},"datePublished":"2023-09-12T12:12:01+00:00","dateModified":"2023-09-12T12:16:25+00:00","breadcrumb":{"@id":"https:\/\/ubuconla.org\/2026\/habeas-data\/#breadcrumb"},"inLanguage":"es-CO","potentialAction":[{"@type":"ReadAction","target":["https:\/\/ubuconla.org\/2026\/habeas-data\/"]}]},{"@type":"BreadcrumbList","@id":"https:\/\/ubuconla.org\/2026\/habeas-data\/#breadcrumb","itemListElement":[{"@type":"ListItem","position":1,"name":"Inicio","item":"https:\/\/ubuconla.org\/2026\/"},{"@type":"ListItem","position":2,"name":"AVISO DE HABEAS DATA PARA INSCRIPCI\u00d3N EN UbuConLA 2023"}]},{"@type":"WebSite","@id":"https:\/\/ubuconla.org\/2026\/#website","url":"https:\/\/ubuconla.org\/2026\/","name":"Ubucon Latinoam\u00e9tica 2026","description":"","potentialAction":[{"@type":"SearchAction","target":{"@type":"EntryPoint","urlTemplate":"https:\/\/ubuconla.org\/2026\/?s={search_term_string}"},"query-input":{"@type":"PropertyValueSpecification","valueRequired":true,"valueName":"search_term_string"}}],"inLanguage":"es-CO"}]}},"_links":{"self":[{"href":"https:\/\/ubuconla.org\/2026\/wp-json\/wp\/v2\/pages\/1281","targetHints":{"allow":["GET"]}}],"collection":[{"href":"https:\/\/ubuconla.org\/2026\/wp-json\/wp\/v2\/pages"}],"about":[{"href":"https:\/\/ubuconla.org\/2026\/wp-json\/wp\/v2\/types\/page"}],"author":[{"embeddable":true,"href":"https:\/\/ubuconla.org\/2026\/wp-json\/wp\/v2\/users\/1"}],"replies":[{"embeddable":true,"href":"https:\/\/ubuconla.org\/2026\/wp-json\/wp\/v2\/comments?post=1281"}],"version-history":[{"count":5,"href":"https:\/\/ubuconla.org\/2026\/wp-json\/wp\/v2\/pages\/1281\/revisions"}],"predecessor-version":[{"id":1289,"href":"https:\/\/ubuconla.org\/2026\/wp-json\/wp\/v2\/pages\/1281\/revisions\/1289"}],"wp:attachment":[{"href":"https:\/\/ubuconla.org\/2026\/wp-json\/wp\/v2\/media?parent=1281"}],"curies":[{"name":"wp","href":"https:\/\/api.w.org\/{rel}","templated":true}]}}