{"id":943,"date":"2025-07-25T18:34:29","date_gmt":"2025-07-25T23:34:29","guid":{"rendered":"https:\/\/ubuconla.org\/2025\/?page_id=943"},"modified":"2025-09-27T17:13:47","modified_gmt":"2025-09-27T22:13:47","slug":"universidad-del-azuay","status":"publish","type":"page","link":"https:\/\/ubuconla.org\/2025\/universidad-del-azuay\/","title":{"rendered":"Universidad del Azuay"},"content":{"rendered":"\t\t<div data-elementor-type=\"wp-page\" data-elementor-id=\"943\" class=\"elementor elementor-943\">\n\t\t\t\t<div class=\"elementor-element elementor-element-7de6a2c top e-flex e-con-boxed e-con e-parent\" data-id=\"7de6a2c\" data-element_type=\"container\" data-e-type=\"container\" data-settings=\"{&quot;background_background&quot;:&quot;classic&quot;}\">\n\t\t\t\t\t<div class=\"e-con-inner\">\n\t\t<div class=\"elementor-element elementor-element-ba9d8db e-flex e-con-boxed e-con e-child\" data-id=\"ba9d8db\" data-element_type=\"container\" data-e-type=\"container\">\n\t\t\t\t\t<div class=\"e-con-inner\">\n\t\t\t\t<div class=\"elementor-element elementor-element-4454f2d elementor-widget elementor-widget-image\" data-id=\"4454f2d\" data-element_type=\"widget\" data-e-type=\"widget\" data-widget_type=\"image.default\">\n\t\t\t\t<div class=\"elementor-widget-container\">\n\t\t\t\t\t\t\t\t\t\t\t\t\t\t\t<img fetchpriority=\"high\" decoding=\"async\" width=\"680\" height=\"180\" src=\"https:\/\/ubuconla.org\/2025\/wp-content\/uploads\/sites\/4\/2025\/07\/UniDelAzuay.jpg\" class=\"attachment-full size-full wp-image-945\" alt=\"\" srcset=\"https:\/\/ubuconla.org\/2025\/wp-content\/uploads\/sites\/4\/2025\/07\/UniDelAzuay.jpg 680w, https:\/\/ubuconla.org\/2025\/wp-content\/uploads\/sites\/4\/2025\/07\/UniDelAzuay-300x79.jpg 300w\" sizes=\"(max-width: 680px) 100vw, 680px\" \/>\t\t\t\t\t\t\t\t\t\t\t\t\t\t\t<\/div>\n\t\t\t\t<\/div>\n\t\t\t\t\t<\/div>\n\t\t\t\t<\/div>\n\t\t\t\t\t<\/div>\n\t\t\t\t<\/div>\n\t\t<div class=\"elementor-element elementor-element-715b0ac e-flex e-con-boxed e-con e-parent\" data-id=\"715b0ac\" data-element_type=\"container\" data-e-type=\"container\" data-settings=\"{&quot;background_background&quot;:&quot;classic&quot;}\">\n\t\t\t\t\t<div class=\"e-con-inner\">\n\t\t<div class=\"elementor-element elementor-element-0746092 e-con-full e-flex e-con e-child\" data-id=\"0746092\" data-element_type=\"container\" data-e-type=\"container\">\n\t\t\t\t<div class=\"elementor-element elementor-element-77cf5b2 elementor-widget elementor-widget-google_maps\" data-id=\"77cf5b2\" data-element_type=\"widget\" data-e-type=\"widget\" data-widget_type=\"google_maps.default\">\n\t\t\t\t<div class=\"elementor-widget-container\">\n\t\t\t\t\t\t\t<div class=\"elementor-custom-embed\">\n\t\t\t<iframe loading=\"lazy\"\n\t\t\t\t\tsrc=\"https:\/\/maps.google.com\/maps?q=Universidad%20%20del%20Azuay&#038;t=m&#038;z=12&#038;output=embed&#038;iwloc=near\"\n\t\t\t\t\ttitle=\"Universidad  del Azuay\"\n\t\t\t\t\taria-label=\"Universidad  del Azuay\"\n\t\t\t><\/iframe>\n\t\t<\/div>\n\t\t\t\t\t\t<\/div>\n\t\t\t\t<\/div>\n\t\t\t\t<\/div>\n\t\t<div class=\"elementor-element elementor-element-2de21e5 e-con-full e-flex e-con e-child\" data-id=\"2de21e5\" data-element_type=\"container\" data-e-type=\"container\">\n\t\t\t\t<div class=\"elementor-element elementor-element-5f29d4d elementor-widget elementor-widget-heading\" data-id=\"5f29d4d\" data-element_type=\"widget\" data-e-type=\"widget\" data-widget_type=\"heading.default\">\n\t\t\t\t<div class=\"elementor-widget-container\">\n\t\t\t\t\t<h2 class=\"elementor-heading-title elementor-size-default\">Universidad del Azuay<\/h2>\t\t\t\t<\/div>\n\t\t\t\t<\/div>\n\t\t\t\t<div class=\"elementor-element elementor-element-232e6cb elementor-widget elementor-widget-text-editor\" data-id=\"232e6cb\" data-element_type=\"widget\" data-e-type=\"widget\" data-widget_type=\"text-editor.default\">\n\t\t\t\t<div class=\"elementor-widget-container\">\n\t\t\t\t\t\t\t\t\t<p class=\"text-align-justify\">La Universidad del Azuay naci\u00f3 en 1968 y tiene su sede en la ciudad de Cuenca, capital de la provincia del Azuay. En sus inicios fue parte, primero, de la Universidad Cat\u00f3lica Santiago de Guayaquil y, luego, de la Pontificia Universidad Cat\u00f3lica del Ecuador.<\/p><p class=\"text-align-justify\">En 1990 luego de cumplir con todos los requisitos legales fue reconocida como Universidad del Azuay, mediante Ley de la Rep\u00fablica.<\/p><p class=\"text-align-justify\">En el a\u00f1o 2006 se constituy\u00f3 en la primera universidad ecuatoriana en lograr la acreditaci\u00f3n por parte del Consejo Nacional de Evaluaci\u00f3n y Acreditaci\u00f3n, CONEA. \u00a0<\/p><p class=\"text-align-justify\">La Universidad del Azuay ofrece formaci\u00f3n de grado a trav\u00e9s de sus treinta y tres escuelas distribuidas en siete facultades.<\/p><p class=\"text-align-justify\">La formaci\u00f3n de posgrados se ofrece a trav\u00e9s de maestr\u00edas y especializaciones, la oferta acad\u00e9mica responde a las necesidades identificadas en nuestra regi\u00f3n y pa\u00eds enmarcada en el compromiso de servir a la sociedad.<\/p><p><a href=\"https:\/\/www.uazuay.edu.ec\/\">Sitio Web<\/a><\/p><p><span style=\"font-weight: 400\">Direcci\u00f3n<\/span><span style=\"font-weight: 400\">:\u00a0<\/span><span style=\"font-size: 1rem\">Avenida 24 de Mayo 7-77 y Hern\u00e1n Malo, Cuenca, Ecuador<\/span><\/p><p><span style=\"font-weight: 400\">C\u00f3mo llegar : <\/span><span style=\"font-weight: 400\"><a href=\"https:\/\/maps.app.goo.gl\/Mdw9vXjtwKSTteJ67\">Google maps<\/a><\/span><\/p>\t\t\t\t\t\t\t\t<\/div>\n\t\t\t\t<\/div>\n\t\t\t\t<\/div>\n\t\t<div class=\"elementor-element elementor-element-3426af6 e-con-full e-flex e-con e-child\" data-id=\"3426af6\" data-element_type=\"container\" data-e-type=\"container\">\n\t\t\t\t<div class=\"elementor-element elementor-element-4cb483b elementor-widget elementor-widget-heading\" data-id=\"4cb483b\" data-element_type=\"widget\" data-e-type=\"widget\" data-widget_type=\"heading.default\">\n\t\t\t\t<div class=\"elementor-widget-container\">\n\t\t\t\t\t<h2 class=\"elementor-heading-title elementor-size-default\">\u00bfComo llegar?<\/h2>\t\t\t\t<\/div>\n\t\t\t\t<\/div>\n\t\t\t\t<\/div>\n\t\t\t\t\t<\/div>\n\t\t\t\t<\/div>\n\t\t<div class=\"elementor-element elementor-element-5ca890b e-grid e-con-boxed e-con e-parent\" data-id=\"5ca890b\" data-element_type=\"container\" data-e-type=\"container\">\n\t\t\t\t\t<div class=\"e-con-inner\">\n\t\t\t\t\t\t\t\n\t\t\t<a\n\t\t\t\t\t\thref=\"https:\/\/www.azutaxi.com\/\"\n\t\t\tclass=\"e-image-link-base\"\n\t\t\ttarget=\"_blank\"\n\t\t\tdata-interaction-id=\"62bcea6\"\n\t\t>\n\t\t<img class=\"e-image-base e-62bcea6-4a13177\" \n\t\t \n\t\t \n\t\t\t\t\t\t\t\t\tid=\"1558\"\n\t\t\t\t\t\t\t\t\t\t\t\tsrc=\"https:\/\/ubuconla.org\/2025\/wp-content\/uploads\/sites\/4\/2025\/09\/azutaxi.png\"\n\t\t\t\t\t\t\t\t\t\t\t\twidth=\"240\"\n\t\t\t\t\t\t\t\t\t\t\t\theight=\"240\"\n\t\t\t\t\t\t\t\t\t\t\t\tsrcset=\"https:\/\/ubuconla.org\/2025\/wp-content\/uploads\/sites\/4\/2025\/09\/azutaxi.png 240w, https:\/\/ubuconla.org\/2025\/wp-content\/uploads\/sites\/4\/2025\/09\/azutaxi-150x150.png 150w\"\n\t\t\t\t\t\t\t\t\t\t\t\talt=\"\"\n\t\t\t\t\t\t\/>\n\t\t\t<\/a>\n\t\t\t\t\t\t\t\t\n\t\t\t<a\n\t\t\t\t\t\thref=\"https:\/\/play.google.com\/store\/apps\/details?id=ec.com.cuencataxicliente&hl=es_AR\"\n\t\t\tclass=\"e-image-link-base\"\n\t\t\ttarget=\"_blank\"\n\t\t\tdata-interaction-id=\"64a6815\"\n\t\t>\n\t\t<img class=\"e-image-base e-64a6815-fbcfe02\" \n\t\t \n\t\t \n\t\t\t\t\t\t\t\t\tid=\"1559\"\n\t\t\t\t\t\t\t\t\t\t\t\tsrc=\"https:\/\/ubuconla.org\/2025\/wp-content\/uploads\/sites\/4\/2025\/09\/cuencataxi.png\"\n\t\t\t\t\t\t\t\t\t\t\t\twidth=\"225\"\n\t\t\t\t\t\t\t\t\t\t\t\theight=\"225\"\n\t\t\t\t\t\t\t\t\t\t\t\tsrcset=\"https:\/\/ubuconla.org\/2025\/wp-content\/uploads\/sites\/4\/2025\/09\/cuencataxi.png 225w, https:\/\/ubuconla.org\/2025\/wp-content\/uploads\/sites\/4\/2025\/09\/cuencataxi-150x150.png 150w\"\n\t\t\t\t\t\t\t\t\t\t\t\talt=\"\"\n\t\t\t\t\t\t\/>\n\t\t\t<\/a>\n\t\t\t\t\t\t\t\t\n\t\t\t<a\n\t\t\t\t\t\thref=\"https:\/\/moovitapp.com\/es\"\n\t\t\tclass=\"e-image-link-base\"\n\t\t\ttarget=\"_blank\"\n\t\t\tdata-interaction-id=\"dbd0986\"\n\t\t>\n\t\t<img class=\"e-image-base e-dbd0986-bf239bb\" \n\t\t \n\t\t \n\t\t\t\t\t\t\t\t\tid=\"1560\"\n\t\t\t\t\t\t\t\t\t\t\t\tsrc=\"https:\/\/ubuconla.org\/2025\/wp-content\/uploads\/sites\/4\/2025\/09\/moovit.png\"\n\t\t\t\t\t\t\t\t\t\t\t\twidth=\"225\"\n\t\t\t\t\t\t\t\t\t\t\t\theight=\"225\"\n\t\t\t\t\t\t\t\t\t\t\t\tsrcset=\"https:\/\/ubuconla.org\/2025\/wp-content\/uploads\/sites\/4\/2025\/09\/moovit.png 225w, https:\/\/ubuconla.org\/2025\/wp-content\/uploads\/sites\/4\/2025\/09\/moovit-150x150.png 150w\"\n\t\t\t\t\t\t\t\t\t\t\t\talt=\"\"\n\t\t\t\t\t\t\/>\n\t\t\t<\/a>\n\t\t\t\t\t\t<\/div>\n\t\t\t\t<\/div>\n\t\t<div class=\"elementor-element elementor-element-11c6a21 e-flex e-con-boxed e-con e-parent\" data-id=\"11c6a21\" data-element_type=\"container\" data-e-type=\"container\">\n\t\t\t\t\t<div class=\"e-con-inner\">\n\t\t\t\t\t<\/div>\n\t\t\t\t<\/div>\n\t\t<div class=\"elementor-element elementor-element-c944479 e-flex e-con-boxed e-con e-parent\" data-id=\"c944479\" data-element_type=\"container\" data-e-type=\"container\">\n\t\t\t\t\t<div class=\"e-con-inner\">\n\t\t<div class=\"elementor-element elementor-element-a1cd530 e-con-full e-flex e-con e-child\" data-id=\"a1cd530\" data-element_type=\"container\" data-e-type=\"container\">\n\t\t\t\t\t\t\t\n\t\t<img class=\"e-image-base \" \n\t\t\t\t\tdata-interaction-id=\"13af6d4\" \n\t\t \n\t\t \n\t\t\t\t\t\t\t\t\tid=\"1561\"\n\t\t\t\t\t\t\t\t\t\t\t\tsrc=\"https:\/\/ubuconla.org\/2025\/wp-content\/uploads\/sites\/4\/2025\/09\/tranvia.jpeg\"\n\t\t\t\t\t\t\t\t\t\t\t\twidth=\"1200\"\n\t\t\t\t\t\t\t\t\t\t\t\theight=\"675\"\n\t\t\t\t\t\t\t\t\t\t\t\tsrcset=\"https:\/\/ubuconla.org\/2025\/wp-content\/uploads\/sites\/4\/2025\/09\/tranvia.jpeg 1200w, https:\/\/ubuconla.org\/2025\/wp-content\/uploads\/sites\/4\/2025\/09\/tranvia-300x169.jpeg 300w, https:\/\/ubuconla.org\/2025\/wp-content\/uploads\/sites\/4\/2025\/09\/tranvia-1024x576.jpeg 1024w, https:\/\/ubuconla.org\/2025\/wp-content\/uploads\/sites\/4\/2025\/09\/tranvia-768x432.jpeg 768w\"\n\t\t\t\t\t\t\t\t\t\t\t\talt=\"\"\n\t\t\t\t\t\t\/>\n\t\t\t\t\t<\/div>\n\t\t<div class=\"elementor-element elementor-element-e4c5406 e-con-full e-flex e-con e-child\" data-id=\"e4c5406\" data-element_type=\"container\" data-e-type=\"container\">\n\t\t\t\t<div class=\"elementor-element elementor-element-6beefa7 elementor-widget elementor-widget-text-editor\" data-id=\"6beefa7\" data-element_type=\"widget\" data-e-type=\"widget\" data-widget_type=\"text-editor.default\">\n\t\t\t\t<div class=\"elementor-widget-container\">\n\t\t\t\t\t\t\t\t\t<p>El tranv\u00eda se puede utilizar comprando y recargando la tarjeta (1.75 valor de la tarjeta) en la <strong>Feria Libre<\/strong> (Paso Deprimido), Etapa (Tarqui y G. Colombia), <strong>el Centro de Compras 9 de Octubre<\/strong>, <strong>la Terminal Terrestre<\/strong>, y el <strong>Aeropuerto<\/strong> (tambi\u00e9n se pueden adquirir en estaciones espec\u00edficas del tranv\u00eda, se debe presentar la c\u00e9dula), si no, se puede pagar un boleto directamente en la estaci\u00f3n ($1) y tambi\u00e9n se puede comprar mediante el celular dentro de cooperativas o bancos que ofrezcan este servicio. (3 minutos antes de abordar)<\/p><p><strong>Informaci\u00f3n importante es que suelen estar personas revisando los boletos y si no se tiene podr\u00edan ser sancionados.<\/strong><\/p>\t\t\t\t\t\t\t\t<\/div>\n\t\t\t\t<\/div>\n\t\t\t\t<\/div>\n\t\t\t\t\t<\/div>\n\t\t\t\t<\/div>\n\t\t\t\t<\/div>\n\t\t","protected":false},"excerpt":{"rendered":"<p>Universidad del Azuay La Universidad del Azuay naci\u00f3 en 1968 y tiene su sede en la ciudad de Cuenca, capital de la provincia del Azuay. En sus inicios fue parte, primero, de la Universidad Cat\u00f3lica Santiago de Guayaquil y, luego, de la Pontificia Universidad Cat\u00f3lica del Ecuador. En 1990 luego de cumplir con todos los [&hellip;]<\/p>\n","protected":false},"author":2,"featured_media":0,"parent":0,"menu_order":0,"comment_status":"closed","ping_status":"closed","template":"elementor_header_footer","meta":{"footnotes":""},"class_list":["post-943","page","type-page","status-publish","hentry"],"_links":{"self":[{"href":"https:\/\/ubuconla.org\/2025\/wp-json\/wp\/v2\/pages\/943","targetHints":{"allow":["GET"]}}],"collection":[{"href":"https:\/\/ubuconla.org\/2025\/wp-json\/wp\/v2\/pages"}],"about":[{"href":"https:\/\/ubuconla.org\/2025\/wp-json\/wp\/v2\/types\/page"}],"author":[{"embeddable":true,"href":"https:\/\/ubuconla.org\/2025\/wp-json\/wp\/v2\/users\/2"}],"replies":[{"embeddable":true,"href":"https:\/\/ubuconla.org\/2025\/wp-json\/wp\/v2\/comments?post=943"}],"version-history":[{"count":25,"href":"https:\/\/ubuconla.org\/2025\/wp-json\/wp\/v2\/pages\/943\/revisions"}],"predecessor-version":[{"id":1667,"href":"https:\/\/ubuconla.org\/2025\/wp-json\/wp\/v2\/pages\/943\/revisions\/1667"}],"wp:attachment":[{"href":"https:\/\/ubuconla.org\/2025\/wp-json\/wp\/v2\/media?parent=943"}],"curies":[{"name":"wp","href":"https:\/\/api.w.org\/{rel}","templated":true}]}}